{"id":16,"date":"2011-09-27T13:30:19","date_gmt":"2011-09-27T13:30:19","guid":{"rendered":"http:\/\/www.maxfon.it\/?page_id=16"},"modified":"2026-04-01T11:48:40","modified_gmt":"2026-04-01T09:48:40","slug":"referenze","status":"publish","type":"page","link":"https:\/\/maxfon.it\/?page_id=16","title":{"rendered":"Referenze"},"content":{"rendered":"<p>[et_pb_section fb_built=&#8221;1&#8243; fullwidth=&#8221;on&#8221; _builder_version=&#8221;4.27.6&#8243; _module_preset=&#8221;default&#8221; global_colors_info=&#8221;{}&#8221;][et_pb_fullwidth_header title=&#8221;Referenze&#8221; _builder_version=&#8221;4.27.6&#8243; _module_preset=&#8221;default&#8221; title_font=&#8221;Montserrat|||on|||||&#8221; title_font_size=&#8221;55px&#8221; background_color=&#8221;#f41b7a&#8221; global_colors_info=&#8221;{}&#8221;][\/et_pb_fullwidth_header][\/et_pb_section][et_pb_section fb_built=&#8221;1&#8243; admin_label=&#8221;section&#8221; _builder_version=&#8221;4.16&#8243; global_colors_info=&#8221;{}&#8221;][et_pb_row admin_label=&#8221;row&#8221; _builder_version=&#8221;4.16&#8243; background_size=&#8221;initial&#8221; background_position=&#8221;top_left&#8221; background_repeat=&#8221;repeat&#8221; global_colors_info=&#8221;{}&#8221;][et_pb_column type=&#8221;4_4&#8243; _builder_version=&#8221;4.16&#8243; custom_padding=&#8221;|||&#8221; global_colors_info=&#8221;{}&#8221; custom_padding__hover=&#8221;|||&#8221;][et_pb_text admin_label=&#8221;Text&#8221; _builder_version=&#8221;4.27.6&#8243; background_size=&#8221;initial&#8221; background_position=&#8221;top_left&#8221; background_repeat=&#8221;repeat&#8221; hover_enabled=&#8221;0&#8243; global_colors_info=&#8221;{}&#8221; text_font=&#8221;Montserrat||||||||&#8221; sticky_enabled=&#8221;0&#8243;]<\/p>\n<div style=\"text-align: left;\">\n<p>Le principali esperienze della Maxfon sono relative ai seguenti progetti:<\/p>\n<p>&nbsp;<\/p>\n<ul>\n<li><strong>Intranet Wireless GORI S.p.A.:<\/strong> GORI S.p.A. (Gestione Ottimale Risorse Idriche) gestisce il Servizio Idrico Integrato (captazione, adduzione e distribuzione agli utenti della risorsa idrica, collettamento e raccolta delle acque reflue, depurazione) nell&#8217;Ambito Territoriale Ottimale (ATO) n\u00b03 Campania. E\u2019 in fase di completamento l\u2019infrastruttura di rete per il collegamento ai fini del telecontrollo e della videosorveglianza di tutte le sedi operative e degli impianti idrici della Societ\u00e0 ed \u00e8 gi\u00e0 stato realizzato tutto il sistema VoIP di collegamento on-net delle sedi operative e verso l\u2019esterno; tale sistema VoIP \u00e8 stato arricchito di un sistema fax server dedicato che utilizza la rete intranet wireless realizzata.<\/li>\n<li><strong>Videosorveglianza e Connettivit\u00e0 Wireless Comune di Frigento:<\/strong> la Maxfon si \u00e8 aggiudicata la gara per la realizzazione del sistema di videosorveglianza e di servizi di connettivit\u00e0 dati e voce wireless all\u2019interno dell\u2019area PIP del comune.<\/li>\n<li><strong>Interporto Sud Europa di Maddaloni-Marcianise (CE): <\/strong>per un\u2019area complessiva di 6,5 milioni di metri quadrati la Maxfon in partnership con la Societ\u00e0 Interporto Sud Europa S.p.A. ha realizzato una rete di connettivit\u00e0 wireless per dotare tutti gli operatori logistici e le aziende insediate nell\u2019area interportuale di una connettivit\u00e0 a larga banda Internet e di un servizio VoIP dedicato.<\/li>\n<li><strong>Area Industriale Pignataro Maggiore (CE):<\/strong> \u00e8 stata sottoscritta con la societ\u00e0 del comune a totale capitale pubblico Pignataro Patrimonio S.r.l. una join-venture per la copertura wireless di tutta la zona industriale e del territorio comunale al fine di erogare servizi di connettivit\u00e0 Internet a Larga Banda e servizi VoIP dedicati.<\/li>\n<li><strong>Comunit\u00e0 Montane Avellino-Benevento<\/strong>: sono stati avviati una serie di progetti con numerose comunit\u00e0 montane della zona Avellino-Benevento per la realizzazione di una rete wireless sul territorio specifico di competenza\u00a0 per un collegamento diretto dei siti della Pubblica Amministrazione in ciascun comune e per colmare, ove necessario, il digital divide anche per l\u2019utenza residenziale.<\/li>\n<li><strong>Videosorveglianza<\/strong>: sul territorio delle provincie di Avellino e Benevento sono in fase di realizzazione numerosi impianti che coniugano l\u2019utilizzo delle reti wireless a quello di sistemi di sicurezza ed in particolare di sistemi di videosorveglianza del territorio.<\/li>\n<li><strong>Vitrociset S<\/strong>.p.A. : con la societ\u00e0 Vitrociset S.p.A. si \u00e8 concluso un accordo per la installazione di tutti gli apparati di telefonia VoIP nella regione Campania che la stessa Vitrociset commissioner\u00e0 alla Maxfon in virt\u00f9 della Convenzione CONSIP che la vede aggiudicataria di tali tipologie di Forniture.<\/li>\n<li><strong>Comune di Camigliano (CE)<\/strong>: all\u2019interno del comune di Camigliano si \u00e8 realizzata una infrastruttura di rete wireless per erogare servizi di connettivit\u00e0 Internet a tutti gli utenti residente ed attualmente vi sono oltre 150 utenti paganti e gestiti da Maxfon.<\/li>\n<\/ul>\n<\/div>\n<p>[\/et_pb_text][\/et_pb_column][\/et_pb_row][\/et_pb_section]<\/p>\n","protected":false},"excerpt":{"rendered":"<p>Le principali esperienze della Maxfon sono relative ai seguenti progetti: &nbsp; Intranet Wireless GORI S.p.A.: GORI S.p.A. (Gestione Ottimale Risorse Idriche) gestisce il Servizio Idrico Integrato (captazione, adduzione e distribuzione agli utenti della risorsa idrica, collettamento e raccolta delle acque reflue, depurazione) nell&#8217;Ambito Territoriale Ottimale (ATO) n\u00b03 Campania. E\u2019 in fase di completamento l\u2019infrastruttura di [&hellip;]<\/p>\n","protected":false},"author":1,"featured_media":0,"parent":0,"menu_order":0,"comment_status":"closed","ping_status":"closed","template":"","meta":{"_et_pb_use_builder":"on","_et_pb_old_content":"<div style=\"text-align: left;\">\r\n\r\nLe principali esperienze della Maxfon sono relative ai seguenti progetti:\r\n\r\n\u00a0\r\n<ul>\r\n\t<li><strong>Intranet Wireless GORI S.p.A.:<\/strong> GORI S.p.A. (Gestione Ottimale Risorse Idriche) gestisce il Servizio Idrico Integrato (captazione, adduzione e distribuzione agli utenti della risorsa idrica, collettamento e raccolta delle acque reflue, depurazione) nell'Ambito Territoriale Ottimale (ATO) n\u00b03 Campania. E\u2019 in fase di completamento l\u2019infrastruttura di rete per il collegamento ai fini del telecontrollo e della videosorveglianza di tutte le sedi operative e degli impianti idrici della Societ\u00e0 ed \u00e8 gi\u00e0 stato realizzato tutto il sistema VoIP di collegamento on-net delle sedi operative e verso l\u2019esterno; tale sistema VoIP \u00e8 stato arricchito di un sistema fax server dedicato che utilizza la rete intranet wireless realizzata.<\/li>\r\n\t<li><strong>Videosorveglianza e Connettivit\u00e0 Wireless Comune di Frigento:<\/strong> la Maxfon si \u00e8 aggiudicata la gara per la realizzazione del sistema di videosorveglianza e di servizi di connettivit\u00e0 dati e voce wireless all\u2019interno dell\u2019area PIP del comune.<\/li>\r\n\t<li><strong>Interporto Sud Europa di Maddaloni-Marcianise (CE): <\/strong>per un\u2019area complessiva di 6,5 milioni di metri quadrati la Maxfon in partnership con la Societ\u00e0 Interporto Sud Europa S.p.A. ha realizzato una rete di connettivit\u00e0 wireless per dotare tutti gli operatori logistici e le aziende insediate nell\u2019area interportuale di una connettivit\u00e0 a larga banda Internet e di un servizio VoIP dedicato.<\/li>\r\n\t<li><strong>Area Industriale Pignataro Maggiore (CE):<\/strong> \u00e8 stata sottoscritta con la societ\u00e0 del comune a totale capitale pubblico Pignataro Patrimonio S.r.l. una join-venture per la copertura wireless di tutta la zona industriale e del territorio comunale al fine di erogare servizi di connettivit\u00e0 Internet a Larga Banda e servizi VoIP dedicati.<\/li>\r\n\t<li><strong>Comunit\u00e0 Montane Avellino-Benevento<\/strong>: sono stati avviati una serie di progetti con numerose comunit\u00e0 montane della zona Avellino-Benevento per la realizzazione di una rete wireless sul territorio specifico di competenza\u00a0 per un collegamento diretto dei siti della Pubblica Amministrazione in ciascun comune e per colmare, ove necessario, il digital divide anche per l\u2019utenza residenziale.<\/li>\r\n\t<li><strong>Videosorveglianza<\/strong>: sul territorio delle provincie di Avellino e Benevento sono in fase di realizzazione numerosi impianti che coniugano l\u2019utilizzo delle reti wireless a quello di sistemi di sicurezza ed in particolare di sistemi di videosorveglianza del territorio.<\/li>\r\n\t<li><strong>Vitrociset S<\/strong>.p.A. : con la societ\u00e0 Vitrociset S.p.A. si \u00e8 concluso un accordo per la installazione di tutti gli apparati di telefonia VoIP nella regione Campania che la stessa Vitrociset commissioner\u00e0 alla Maxfon in virt\u00f9 della Convenzione CONSIP che la vede aggiudicataria di tali tipologie di Forniture.<\/li>\r\n\t<li><strong>Comune di Camigliano (CE)<\/strong>: all\u2019interno del comune di Camigliano si \u00e8 realizzata una infrastruttura di rete wireless per erogare servizi di connettivit\u00e0 Internet a tutti gli utenti residente ed attualmente vi sono oltre 150 utenti paganti e gestiti da Maxfon.<\/li>\r\n<\/ul>\r\n<\/div>","_et_gb_content_width":"","footnotes":""},"class_list":["post-16","page","type-page","status-publish","hentry"],"_links":{"self":[{"href":"https:\/\/maxfon.it\/index.php?rest_route=\/wp\/v2\/pages\/16","targetHints":{"allow":["GET"]}}],"collection":[{"href":"https:\/\/maxfon.it\/index.php?rest_route=\/wp\/v2\/pages"}],"about":[{"href":"https:\/\/maxfon.it\/index.php?rest_route=\/wp\/v2\/types\/page"}],"author":[{"embeddable":true,"href":"https:\/\/maxfon.it\/index.php?rest_route=\/wp\/v2\/users\/1"}],"replies":[{"embeddable":true,"href":"https:\/\/maxfon.it\/index.php?rest_route=%2Fwp%2Fv2%2Fcomments&post=16"}],"version-history":[{"count":5,"href":"https:\/\/maxfon.it\/index.php?rest_route=\/wp\/v2\/pages\/16\/revisions"}],"predecessor-version":[{"id":706,"href":"https:\/\/maxfon.it\/index.php?rest_route=\/wp\/v2\/pages\/16\/revisions\/706"}],"wp:attachment":[{"href":"https:\/\/maxfon.it\/index.php?rest_route=%2Fwp%2Fv2%2Fmedia&parent=16"}],"curies":[{"name":"wp","href":"https:\/\/api.w.org\/{rel}","templated":true}]}}