{"id":19,"date":"2011-09-27T13:30:47","date_gmt":"2011-09-27T13:30:47","guid":{"rendered":"http:\/\/www.maxfon.it\/?page_id=19"},"modified":"2026-04-01T11:56:27","modified_gmt":"2026-04-01T09:56:27","slug":"certificazioni","status":"publish","type":"page","link":"https:\/\/maxfon.it\/?page_id=19","title":{"rendered":"Certificazioni"},"content":{"rendered":"<p>[et_pb_section fb_built=&#8221;1&#8243; fullwidth=&#8221;on&#8221; _builder_version=&#8221;4.27.6&#8243; _module_preset=&#8221;default&#8221; global_colors_info=&#8221;{}&#8221; theme_builder_area=&#8221;post_content&#8221;][et_pb_fullwidth_header title=&#8221;certificazioni&#8221; _builder_version=&#8221;4.27.6&#8243; _module_preset=&#8221;default&#8221; title_font=&#8221;Montserrat|||on|||||&#8221; title_font_size=&#8221;55px&#8221; background_color=&#8221;#f41b7a&#8221; hover_enabled=&#8221;0&#8243; global_colors_info=&#8221;{}&#8221; theme_builder_area=&#8221;post_content&#8221; sticky_enabled=&#8221;0&#8243;][\/et_pb_fullwidth_header][\/et_pb_section][et_pb_section fb_built=&#8221;1&#8243; admin_label=&#8221;section&#8221; _builder_version=&#8221;4.16&#8243; global_colors_info=&#8221;{}&#8221;][et_pb_row admin_label=&#8221;row&#8221; _builder_version=&#8221;4.16&#8243; background_size=&#8221;initial&#8221; background_position=&#8221;top_left&#8221; background_repeat=&#8221;repeat&#8221; global_colors_info=&#8221;{}&#8221;][et_pb_column type=&#8221;4_4&#8243; _builder_version=&#8221;4.16&#8243; custom_padding=&#8221;|||&#8221; global_colors_info=&#8221;{}&#8221; custom_padding__hover=&#8221;|||&#8221;][et_pb_text admin_label=&#8221;Text&#8221; _builder_version=&#8221;4.27.6&#8243; background_size=&#8221;initial&#8221; background_position=&#8221;top_left&#8221; background_repeat=&#8221;repeat&#8221; hover_enabled=&#8221;0&#8243; global_colors_info=&#8221;{}&#8221; text_font=&#8221;Montserrat||||||||&#8221; text_font_size=&#8221;15px&#8221; sticky_enabled=&#8221;0&#8243;]<\/p>\n<p>Oltre alla capacit\u00e0 progettuale e realizzativa Maxfon ha maturato tutta una serie di certificazioni e del know-how specifico per la gestione e l&#8217;erogazione dei servizi di connettivit\u00e0 ad Internet tramite reti wireless e sul servizio di telefonia VoIP, ed in particolare:<\/p>\n<p>Maxfon<\/p>\n<ul>\n<li>risulta in possesso dell&#8217;Autorizzazione Generale da parte del Ministero delle Telecomunicazioni per l&#8217;offerta al pubblico di servizi di connettivit\u00e0 Internet in qualit\u00e0 di ISP (Internet Services Providers);<\/li>\n<li>risulta in possesso dell&#8217;autorizzazione da parte del Ministero delle Telecomunicazioni per l&#8217;offerta al pubblico di connettivit\u00e0 a larga banda in qualit\u00e0 di WISP (Wireless Internet Services Provider) cio\u00e8 per l&#8217;erogazione di servizi di connettivit\u00e0 ad Internet erogati tramite infrastrutture wireless;<\/li>\n<li>\u00e8 iscritta al R.O.C. (Registro degli Operatori di Comunicazione) del Ministero delle Comunicazioni;<\/li>\n<li>\u00e8 certificata dall&#8217;Ente\u00a0ANCCP ai sensi della normativa ISO 9001:2000 con certificato N. SSG0540AQ1073.<\/li>\n<\/ul>\n<p>[\/et_pb_text][\/et_pb_column][\/et_pb_row][\/et_pb_section]<\/p>\n","protected":false},"excerpt":{"rendered":"<p>Oltre alla capacit\u00e0 progettuale e realizzativa Maxfon ha maturato tutta una serie di certificazioni e del know-how specifico per la gestione e l&#8217;erogazione dei servizi di connettivit\u00e0 ad Internet tramite reti wireless e sul servizio di telefonia VoIP, ed in particolare: Maxfon risulta in possesso dell&#8217;Autorizzazione Generale da parte del Ministero delle Telecomunicazioni per l&#8217;offerta [&hellip;]<\/p>\n","protected":false},"author":1,"featured_media":0,"parent":0,"menu_order":0,"comment_status":"closed","ping_status":"closed","template":"","meta":{"_et_pb_use_builder":"on","_et_pb_old_content":"Oltre alla capacit\u00e0 progettuale e realizzativa Maxfon ha maturato tutta una serie di certificazioni e del know-how specifico per la gestione e l'erogazione dei servizi di connettivit\u00e0 ad Internet tramite reti wireless e sul servizio di telefonia VoIP, ed in particolare:\n\nMaxfon\n<ul>\n\t<li>risulta in possesso dell'Autorizzazione Generale da parte del Ministero delle Telecomunicazioni per l'offerta al pubblico di servizi di connettivit\u00e0 Internet in qualit\u00e0 di ISP (Internet Services Providers);<\/li>\n\t<li>risulta in possesso dell'autorizzazione da parte del Ministero delle Telecomunicazioni per l'offerta al pubblico di connettivit\u00e0 a larga banda in qualit\u00e0 di WISP (Wireless Internet Services Provider) cio\u00e8 per l'erogazione di servizi di connettivit\u00e0 ad Internet erogati tramite infrastrutture wireless;<\/li>\n\t<li>\u00e8 iscritta al R.O.C. (Registro degli Operatori di Comunicazione) del Ministero delle Comunicazioni;<\/li>\n\t<li>\u00e8 certificata dall'Ente\u00a0ANCCP ai sensi della normativa ISO 9001:2000 con certificato N. SSG0540AQ1073.<\/li>\n<\/ul>","_et_gb_content_width":"","footnotes":""},"class_list":["post-19","page","type-page","status-publish","hentry"],"_links":{"self":[{"href":"https:\/\/maxfon.it\/index.php?rest_route=\/wp\/v2\/pages\/19","targetHints":{"allow":["GET"]}}],"collection":[{"href":"https:\/\/maxfon.it\/index.php?rest_route=\/wp\/v2\/pages"}],"about":[{"href":"https:\/\/maxfon.it\/index.php?rest_route=\/wp\/v2\/types\/page"}],"author":[{"embeddable":true,"href":"https:\/\/maxfon.it\/index.php?rest_route=\/wp\/v2\/users\/1"}],"replies":[{"embeddable":true,"href":"https:\/\/maxfon.it\/index.php?rest_route=%2Fwp%2Fv2%2Fcomments&post=19"}],"version-history":[{"count":2,"href":"https:\/\/maxfon.it\/index.php?rest_route=\/wp\/v2\/pages\/19\/revisions"}],"predecessor-version":[{"id":712,"href":"https:\/\/maxfon.it\/index.php?rest_route=\/wp\/v2\/pages\/19\/revisions\/712"}],"wp:attachment":[{"href":"https:\/\/maxfon.it\/index.php?rest_route=%2Fwp%2Fv2%2Fmedia&parent=19"}],"curies":[{"name":"wp","href":"https:\/\/api.w.org\/{rel}","templated":true}]}}