{"id":727,"date":"2026-04-01T12:06:32","date_gmt":"2026-04-01T10:06:32","guid":{"rendered":"http:\/\/dev-maxfon.it\/?page_id=727"},"modified":"2026-04-02T13:38:38","modified_gmt":"2026-04-02T11:38:38","slug":"impianti-telefonici-voip","status":"publish","type":"page","link":"https:\/\/maxfon.it\/?page_id=727","title":{"rendered":"Impianti Telefonici VoIP"},"content":{"rendered":"<p>[et_pb_section fb_built=&#8221;1&#8243; fullwidth=&#8221;on&#8221; _builder_version=&#8221;4.27.6&#8243; _module_preset=&#8221;default&#8221; global_colors_info=&#8221;{}&#8221;][et_pb_fullwidth_header title=&#8221;Impianti Telefonici VoIP&#8221; _builder_version=&#8221;4.27.6&#8243; _module_preset=&#8221;default&#8221; title_font=&#8221;Montserrat|||on|||||&#8221; title_font_size=&#8221;55px&#8221; background_color=&#8221;#f41b7a&#8221; global_colors_info=&#8221;{}&#8221;][\/et_pb_fullwidth_header][\/et_pb_section][et_pb_section fb_built=&#8221;1&#8243; admin_label=&#8221;section&#8221; _builder_version=&#8221;4.16&#8243; global_colors_info=&#8221;{}&#8221;][et_pb_row admin_label=&#8221;row&#8221; _builder_version=&#8221;4.16&#8243; background_size=&#8221;initial&#8221; background_position=&#8221;top_left&#8221; background_repeat=&#8221;repeat&#8221; global_colors_info=&#8221;{}&#8221;][et_pb_column type=&#8221;4_4&#8243; _builder_version=&#8221;4.16&#8243; custom_padding=&#8221;|||&#8221; global_colors_info=&#8221;{}&#8221; custom_padding__hover=&#8221;|||&#8221;][et_pb_image src=&#8221;http:\/\/maxfon.it\/wp-content\/uploads\/2026\/04\/7157174.jpg&#8221; _builder_version=&#8221;4.27.6&#8243; _module_preset=&#8221;default&#8221; title_text=&#8221;7157174&#8243; hover_enabled=&#8221;0&#8243; sticky_enabled=&#8221;0&#8243;][\/et_pb_image][et_pb_text admin_label=&#8221;Text&#8221; _builder_version=&#8221;4.27.6&#8243; text_font=&#8221;Montserrat||||||||&#8221; background_size=&#8221;initial&#8221; background_position=&#8221;top_left&#8221; background_repeat=&#8221;repeat&#8221; global_colors_info=&#8221;{}&#8221;]<\/p>\n<p><strong>Progettazione e realizzazione di sistemi di telefonia VoIP:<span>\u00a0<\/span><\/strong>partendo da una conoscenza diretta di tutte le tecnologie e le modificazioni che il VoIP ha apportato all\u2019interno del panorama della telefonia tradizionale<span id=\"more-86\"><\/span>, la Maxfon\u00a0 \u00e8 capace di realizzare qualsiasi sistema, pi\u00f9 o meno complesso, che permetta il passaggio al sistema VoIP incrementando sia la qualit\u00e0 e le funzionalit\u00e0 del servizio telefonico stesso sia il livello di risparmio che tale tecnologia \u00e8 capace di apportare per soggetti aziendali o Enti Pubblici.<\/p>\n<p><strong>Erogazione diretta di servizi di connettivit\u00e0 voce e dati:<span>\u00a0<\/span><\/strong>la Maxfon \u00e8 un soggetto abilitato all\u2019erogazione diretta di servizi di connettivit\u00e0 dati e voce in quanto \u00e8 un provider capace di fornire numerazioni VoIP geografiche con relativo servizio telefonico e fatturazione, connettivit\u00e0 a larga banda verso il mondo Internet.<\/p>\n<p>[\/et_pb_text][\/et_pb_column][\/et_pb_row][\/et_pb_section]<\/p>\n","protected":false},"excerpt":{"rendered":"<p>Progettazione e realizzazione di sistemi di telefonia VoIP:\u00a0partendo da una conoscenza diretta di tutte le tecnologie e le modificazioni che il VoIP ha apportato all\u2019interno del panorama della telefonia tradizionale, la Maxfon\u00a0 \u00e8 capace di realizzare qualsiasi sistema, pi\u00f9 o meno complesso, che permetta il passaggio al sistema VoIP incrementando sia la qualit\u00e0 e le [&hellip;]<\/p>\n","protected":false},"author":1,"featured_media":0,"parent":0,"menu_order":0,"comment_status":"closed","ping_status":"closed","template":"","meta":{"_et_pb_use_builder":"on","_et_pb_old_content":"","_et_gb_content_width":"","footnotes":""},"class_list":["post-727","page","type-page","status-publish","hentry"],"_links":{"self":[{"href":"https:\/\/maxfon.it\/index.php?rest_route=\/wp\/v2\/pages\/727","targetHints":{"allow":["GET"]}}],"collection":[{"href":"https:\/\/maxfon.it\/index.php?rest_route=\/wp\/v2\/pages"}],"about":[{"href":"https:\/\/maxfon.it\/index.php?rest_route=\/wp\/v2\/types\/page"}],"author":[{"embeddable":true,"href":"https:\/\/maxfon.it\/index.php?rest_route=\/wp\/v2\/users\/1"}],"replies":[{"embeddable":true,"href":"https:\/\/maxfon.it\/index.php?rest_route=%2Fwp%2Fv2%2Fcomments&post=727"}],"version-history":[{"count":4,"href":"https:\/\/maxfon.it\/index.php?rest_route=\/wp\/v2\/pages\/727\/revisions"}],"predecessor-version":[{"id":772,"href":"https:\/\/maxfon.it\/index.php?rest_route=\/wp\/v2\/pages\/727\/revisions\/772"}],"wp:attachment":[{"href":"https:\/\/maxfon.it\/index.php?rest_route=%2Fwp%2Fv2%2Fmedia&parent=727"}],"curies":[{"name":"wp","href":"https:\/\/api.w.org\/{rel}","templated":true}]}}