{"id":73,"date":"2011-10-28T11:46:17","date_gmt":"2011-10-28T11:46:17","guid":{"rendered":"http:\/\/www.maxfon.it\/?page_id=73"},"modified":"2026-03-31T17:01:37","modified_gmt":"2026-03-31T15:01:37","slug":"attivita","status":"publish","type":"page","link":"https:\/\/maxfon.it\/?page_id=73","title":{"rendered":"Attivit\u00e0"},"content":{"rendered":"<p>[et_pb_section fb_built=&#8221;1&#8243; fullwidth=&#8221;on&#8221; _builder_version=&#8221;4.27.6&#8243; _module_preset=&#8221;default&#8221; global_colors_info=&#8221;{}&#8221; theme_builder_area=&#8221;post_content&#8221;][et_pb_fullwidth_header title=&#8221;Attivit\u00e0&#8221; _builder_version=&#8221;4.27.6&#8243; _module_preset=&#8221;default&#8221; title_font=&#8221;Montserrat|||on|||||&#8221; title_font_size=&#8221;55px&#8221; background_color=&#8221;#f41b7a&#8221; global_colors_info=&#8221;{}&#8221; theme_builder_area=&#8221;post_content&#8221;][\/et_pb_fullwidth_header][\/et_pb_section][et_pb_section fb_built=&#8221;1&#8243; _builder_version=&#8221;4.16&#8243; global_colors_info=&#8221;{}&#8221;][et_pb_row _builder_version=&#8221;4.27.6&#8243; _module_preset=&#8221;default&#8221; global_colors_info=&#8221;{}&#8221;][et_pb_column type=&#8221;4_4&#8243; _builder_version=&#8221;4.27.6&#8243; _module_preset=&#8221;default&#8221; global_colors_info=&#8221;{}&#8221;][et_pb_text _builder_version=&#8221;4.27.6&#8243; _module_preset=&#8221;default&#8221; header_2_font=&#8221;Montserrat|600|||||||&#8221; header_2_line_height=&#8221;1.4em&#8221; global_colors_info=&#8221;{}&#8221;]<\/p>\n<h2>Maxfon si occupa sia della realizzazione sistemi di telecomunicazione ed ICT in generale che dell\u2019erogazione di alcuni servizi specifici, in particolare:<\/h2>\n<p>[\/et_pb_text][\/et_pb_column][\/et_pb_row][et_pb_row column_structure=&#8221;1_3,1_3,1_3&#8243; _builder_version=&#8221;4.27.6&#8243; _module_preset=&#8221;default&#8221; global_colors_info=&#8221;{}&#8221;][et_pb_column type=&#8221;1_3&#8243; _builder_version=&#8221;4.27.6&#8243; _module_preset=&#8221;default&#8221; global_colors_info=&#8221;{}&#8221;][et_pb_blurb image=&#8221;http:\/\/maxfon.it\/wp-content\/uploads\/2026\/03\/neural-net.png&#8221; image_icon_width=&#8221;90%&#8221; _builder_version=&#8221;4.27.6&#8243; _module_preset=&#8221;default&#8221; body_font=&#8221;Montserrat||||||||&#8221; body_font_size=&#8221;15px&#8221; global_colors_info=&#8221;{}&#8221;]<\/p>\n<p><strong>Progettazione e realizzazione di reti di trasmissione dati proprietarie <\/strong>che hanno come target grossi soggetti quali amministrazioni pubbliche, grandi aziende distribuite sul territorio, PMI con particolari esigenze quali la interconnessione diretta di strutture dislocate tra loro con la centralizzazione e l\u2019unificazione di sistemi di telecomunicazione e di applicativi.<\/p>\n<p>[\/et_pb_blurb][\/et_pb_column][et_pb_column type=&#8221;1_3&#8243; _builder_version=&#8221;4.27.6&#8243; _module_preset=&#8221;default&#8221; global_colors_info=&#8221;{}&#8221;][et_pb_blurb image=&#8221;http:\/\/maxfon.it\/wp-content\/uploads\/2026\/03\/wifi.png&#8221; image_icon_width=&#8221;90%&#8221; _builder_version=&#8221;4.27.6&#8243; _module_preset=&#8221;default&#8221; body_font=&#8221;Montserrat||||||||&#8221; body_font_size=&#8221;15px&#8221; global_colors_info=&#8221;{}&#8221;]<\/p>\n<p><strong>Progettazione e realizzazione di reti wireless: <\/strong>utilizzando tali tecnologie si riesce a realizzare in breve tempo ed in maniera del tutto affidabile dei collegamenti dedicati per il trasporto dati su aree geografiche anche di dimensioni rilevanti (decine di chilometri).<\/p>\n<p>[\/et_pb_blurb][\/et_pb_column][et_pb_column type=&#8221;1_3&#8243; _builder_version=&#8221;4.27.6&#8243; _module_preset=&#8221;default&#8221; global_colors_info=&#8221;{}&#8221;][et_pb_blurb image=&#8221;http:\/\/maxfon.it\/wp-content\/uploads\/2026\/03\/voip.png&#8221; image_icon_width=&#8221;90%&#8221; _builder_version=&#8221;4.27.6&#8243; _module_preset=&#8221;default&#8221; body_font=&#8221;Montserrat||||||||&#8221; body_font_size=&#8221;15px&#8221; global_colors_info=&#8221;{}&#8221;]<\/p>\n<p><strong>Progettazione e realizzazione di sistemi di telefonia VoIP: <\/strong>partendo da una conoscenza diretta di tutte le tecnologie e le modificazioni che il VoIP ha apportato all\u2019interno del panorama della telefonia tradizionale, la Maxfon\u00a0 \u00e8 capace di realizzare qualsiasi sistema, pi\u00f9 o meno complesso, che permetta il passaggio al sistema VoIP incrementando sia la qualit\u00e0 e le funzionalit\u00e0 del servizio telefonico stesso sia il livello di risparmio che tale tecnologia \u00e8 capace di apportare per soggetti aziendali o Enti Pubblici.<\/p>\n<p>[\/et_pb_blurb][\/et_pb_column][\/et_pb_row][et_pb_row column_structure=&#8221;1_3,1_3,1_3&#8243; _builder_version=&#8221;4.27.6&#8243; _module_preset=&#8221;default&#8221; global_colors_info=&#8221;{}&#8221;][et_pb_column type=&#8221;1_3&#8243; _builder_version=&#8221;4.27.6&#8243; _module_preset=&#8221;default&#8221; global_colors_info=&#8221;{}&#8221;][et_pb_blurb image=&#8221;http:\/\/maxfon.it\/wp-content\/uploads\/2026\/03\/wifi-signal.png&#8221; image_icon_width=&#8221;90%&#8221; _builder_version=&#8221;4.27.6&#8243; _module_preset=&#8221;default&#8221; body_font=&#8221;Montserrat||||||||&#8221; body_font_size=&#8221;15px&#8221; global_colors_info=&#8221;{}&#8221;]<\/p>\n<p><strong>Erogazione diretta di servizi di connettivit\u00e0 voce e dati: <\/strong>la Maxfon Campania \u00e8 un soggetto abilitato all\u2019erogazione diretta di servizi di connettivit\u00e0 dati e voce in quanto \u00e8 un provider capace di fornire numerazioni VoIP geografiche con relativo servizio telefonico e fatturazione, connettivit\u00e0 a larga banda verso il mondo Internet.<\/p>\n<p>[\/et_pb_blurb][\/et_pb_column][et_pb_column type=&#8221;1_3&#8243; _builder_version=&#8221;4.27.6&#8243; _module_preset=&#8221;default&#8221; global_colors_info=&#8221;{}&#8221;][et_pb_blurb image=&#8221;http:\/\/maxfon.it\/wp-content\/uploads\/2026\/03\/office.png&#8221; image_icon_width=&#8221;90%&#8221; _builder_version=&#8221;4.27.6&#8243; _module_preset=&#8221;default&#8221; body_font=&#8221;Montserrat||||||||&#8221; body_font_size=&#8221;15px&#8221; global_colors_info=&#8221;{}&#8221;]<\/p>\n<p><strong>Integrazione dei nuovi servizi di telecomunicazioni nelle strutture aziendali: <\/strong>tutti i sistemi e servizi indicati in precedenza vengono gradualmente e perfettamente integrati dalla Maxfon Campania negli asset preesistenti nella specifica azienda e\/o Ente in modo da minimizzare da un lato l\u2019impatto dell\u2019introduzione dei nuovi sistemi e massimizzando al contempo i benefici.<\/p>\n<p>[\/et_pb_blurb][\/et_pb_column][et_pb_column type=&#8221;1_3&#8243; _builder_version=&#8221;4.27.6&#8243; _module_preset=&#8221;default&#8221; global_colors_info=&#8221;{}&#8221;][et_pb_blurb image=&#8221;http:\/\/maxfon.it\/wp-content\/uploads\/2026\/03\/security-camera.png&#8221; image_icon_width=&#8221;90%&#8221; _builder_version=&#8221;4.27.6&#8243; _module_preset=&#8221;default&#8221; body_font=&#8221;Montserrat||||||||&#8221; body_font_size=&#8221;15px&#8221; global_colors_info=&#8221;{}&#8221;]<\/p>\n<p><strong>Progettazione e realizzazione di sistemi di videosorveglianza: <\/strong>la Maxfon ha maturato il know-how tecnico e progettuale per la realizzazione di sistemi di controllo ed in particolare di videosorveglianza per il monitoraggio ambientale, del territorio ai fini della sicurezza e della salvaguardia di beni e risorse pubbliche e private.<\/p>\n<p>[\/et_pb_blurb][\/et_pb_column][\/et_pb_row][et_pb_row _builder_version=&#8221;4.27.6&#8243; _module_preset=&#8221;default&#8221; global_colors_info=&#8221;{}&#8221;][et_pb_column type=&#8221;4_4&#8243; _builder_version=&#8221;4.27.6&#8243; _module_preset=&#8221;default&#8221; global_colors_info=&#8221;{}&#8221;][et_pb_text _builder_version=&#8221;4.27.6&#8243; _module_preset=&#8221;default&#8221; text_font=&#8221;Montserrat||||||||&#8221; text_font_size=&#8221;15px&#8221; global_colors_info=&#8221;{}&#8221;]<\/p>\n<p><strong>Offre inoltre progettazione, analisi e sviluppo di software specifici: <\/strong>la Maxfon Campania ha un team di sviluppatori interno che svolge la progettazione analisi e sviluppo di applicativi software su specifiche cliente ed in\u00a0 maniera mirata. In particolare gli applicativi implementati riguardano un ampio spettro di applicazioni e dispositivi di fruizione:<strong>\u00a0<\/strong><\/p>\n<ul>\n<li>Realizzazione di sistemi CRM e gestionali;<\/li>\n<li>Realizzazione di portali istituzionali di informazione;<\/li>\n<li>Realizzazione di applicazioni per dispositivi mobili (PDA, etc) stand alone e con connessione su piattaforma centralizzata;<\/li>\n<li>Realizzazione di software per dispositivi embedded;<\/li>\n<li>Realizzazione di piattaforme di autenticazione per utenti networking;<\/li>\n<li>Realizzazione di prototipi per progetti di ricerca in vari settori.<\/li>\n<\/ul>\n<p>[\/et_pb_text][\/et_pb_column][\/et_pb_row][\/et_pb_section][et_pb_section fb_built=&#8221;1&#8243; disabled_on=&#8221;on|on|on&#8221; _builder_version=&#8221;4.16&#8243; disabled=&#8221;on&#8221; global_colors_info=&#8221;{}&#8221;][et_pb_row _builder_version=&#8221;4.16&#8243; background_size=&#8221;initial&#8221; background_position=&#8221;top_left&#8221; background_repeat=&#8221;repeat&#8221; global_colors_info=&#8221;{}&#8221;][et_pb_column type=&#8221;4_4&#8243; _builder_version=&#8221;4.16&#8243; custom_padding=&#8221;|||&#8221; global_colors_info=&#8221;{}&#8221; custom_padding__hover=&#8221;|||&#8221;][et_pb_text _builder_version=&#8221;4.16&#8243; background_size=&#8221;initial&#8221; background_position=&#8221;top_left&#8221; background_repeat=&#8221;repeat&#8221; global_colors_info=&#8221;{}&#8221;]Maxfon si occupa sia della realizzazione sistemi di telecomunicazione ed ICT in generale che dell\u2019erogazione di alcuni servizi specifici, in particolare:<\/p>\n<p>&nbsp;<\/p>\n<ul>\n<li><strong>Progettazione e realizzazione di reti di trasmissione dati proprietarie <\/strong>che hanno come target grossi soggetti quali amministrazioni pubbliche, grandi aziende distribuite sul territorio, PMI con particolari esigenze quali la interconnessione diretta di strutture dislocate tra loro con la centralizzazione e l\u2019unificazione di sistemi di telecomunicazione e di applicativi.<\/li>\n<li><strong>Progettazione e realizzazione di reti wireless: <\/strong>utilizzando tali tecnologie si riesce a realizzare in breve tempo ed in maniera del tutto affidabile dei collegamenti dedicati per il trasporto dati su aree geografiche anche di dimensioni rilevanti (decine di chilometri).<\/li>\n<li><strong>Progettazione e realizzazione di sistemi di telefonia VoIP: <\/strong>partendo da una conoscenza diretta di tutte le tecnologie e le modificazioni che il VoIP ha apportato all\u2019interno del panorama della telefonia tradizionale, la Maxfon\u00a0 \u00e8 capace di realizzare qualsiasi sistema, pi\u00f9 o meno complesso, che permetta il passaggio al sistema VoIP incrementando sia la qualit\u00e0 e le funzionalit\u00e0 del servizio telefonico stesso sia il livello di risparmio che tale tecnologia \u00e8 capace di apportare per soggetti aziendali o Enti Pubblici.<\/li>\n<li><strong>Erogazione diretta di servizi di connettivit\u00e0 voce e dati: <\/strong>la Maxfon Campania \u00e8 un soggetto abilitato all\u2019erogazione diretta di servizi di connettivit\u00e0 dati e voce in quanto \u00e8 un provider capace di fornire numerazioni VoIP geografiche con relativo servizio telefonico e fatturazione, connettivit\u00e0 a larga banda verso il mondo Internet.<\/li>\n<li><strong>Integrazione dei nuovi servizi di telecomunicazioni nelle strutture aziendali: <\/strong>tutti i sistemi e servizi indicati in precedenza vengono gradualmente e perfettamente integrati dalla Maxfon Campania negli asset preesistenti nella specifica azienda e\/o Ente in modo da minimizzare da un lato l\u2019impatto dell\u2019introduzione dei nuovi sistemi e massimizzando al contempo i benefici.<\/li>\n<li><strong>Progettazione e realizzazione di sistemi di videosorveglianza: <\/strong>la Maxfon ha maturato il know-how tecnico e progettuale per la realizzazione di sistemi di controllo ed in particolare di videosorveglianza per il monitoraggio ambientale, del territorio ai fini della sicurezza e della salvaguardia di beni e risorse pubbliche e private.<\/li>\n<li><strong>Progettazione, analisi e sviluppo di software specifici: <\/strong>la Maxfon Campania ha un team di sviluppatori interno che svolge la progettazione analisi e sviluppo di applicativi software su specifiche cliente ed in\u00a0 maniera mirata. In particolare gli applicativi implementati riguardano un ampio spettro di applicazioni e dispositivi di fruizione:<strong>\u00a0<\/strong>\n<ol>\n<li>Realizzazione di sistemi CRM e gestionali;<\/li>\n<li>Realizzazione di portali istituzionali di informazione;<\/li>\n<li>Realizzazione di applicazioni per dispositivi mobili (PDA, etc) stand alone e con connessione su piattaforma centralizzata;<\/li>\n<li>Realizzazione di software per dispositivi embedded;<\/li>\n<li>Realizzazione di piattaforme di autenticazione per utenti networking;<\/li>\n<li>Realizzazione di prototipi per progetti di ricerca in vari settori.<\/li>\n<\/ol>\n<\/li>\n<\/ul>\n<p>[\/et_pb_text][\/et_pb_column][\/et_pb_row][\/et_pb_section]<\/p>\n","protected":false},"excerpt":{"rendered":"<p>Maxfon si occupa sia della realizzazione sistemi di telecomunicazione ed ICT in generale che dell\u2019erogazione di alcuni servizi specifici, in particolare:Progettazione e realizzazione di reti di trasmissione dati proprietarie che hanno come target grossi soggetti quali amministrazioni pubbliche, grandi aziende distribuite sul territorio, PMI con particolari esigenze quali la interconnessione diretta di strutture dislocate tra [&hellip;]<\/p>\n","protected":false},"author":1,"featured_media":0,"parent":0,"menu_order":0,"comment_status":"closed","ping_status":"closed","template":"","meta":{"_et_pb_use_builder":"on","_et_pb_old_content":"<p>Maxfon si occupa sia della realizzazione sistemi di telecomunicazione ed ICT in generale che dell\u2019erogazione di alcuni servizi specifici, in particolare:<\/p><p>\u00a0<\/p><ul><li><strong>Progettazione e realizzazione di reti di trasmissione dati proprietarie <\/strong>che hanno come target grossi soggetti quali amministrazioni pubbliche, grandi aziende distribuite sul territorio, PMI con particolari esigenze quali la interconnessione diretta di strutture dislocate tra loro con la centralizzazione e l\u2019unificazione di sistemi di telecomunicazione e di applicativi.<\/li><li><strong>Progettazione e realizzazione di reti wireless: <\/strong>utilizzando tali tecnologie si riesce a realizzare in breve tempo ed in maniera del tutto affidabile dei collegamenti dedicati per il trasporto dati su aree geografiche anche di dimensioni rilevanti (decine di chilometri).<\/li><li><strong>Progettazione e realizzazione di sistemi di telefonia VoIP: <\/strong>partendo da una conoscenza diretta di tutte le tecnologie e le modificazioni che il VoIP ha apportato all\u2019interno del panorama della telefonia tradizionale, la Maxfon\u00a0 \u00e8 capace di realizzare qualsiasi sistema, pi\u00f9 o meno complesso, che permetta il passaggio al sistema VoIP incrementando sia la qualit\u00e0 e le funzionalit\u00e0 del servizio telefonico stesso sia il livello di risparmio che tale tecnologia \u00e8 capace di apportare per soggetti aziendali o Enti Pubblici.<\/li><li><strong>Erogazione diretta di servizi di connettivit\u00e0 voce e dati: <\/strong>la Maxfon Campania \u00e8 un soggetto abilitato all\u2019erogazione diretta di servizi di connettivit\u00e0 dati e voce in quanto \u00e8 un provider capace di fornire numerazioni VoIP geografiche con relativo servizio telefonico e fatturazione, connettivit\u00e0 a larga banda verso il mondo Internet.<\/li><li><strong>Integrazione dei nuovi servizi di telecomunicazioni nelle strutture aziendali: <\/strong>tutti i sistemi e servizi indicati in precedenza vengono gradualmente e perfettamente integrati dalla Maxfon Campania negli asset preesistenti nella specifica azienda e\/o Ente in modo da minimizzare da un lato l\u2019impatto dell\u2019introduzione dei nuovi sistemi e massimizzando al contempo i benefici.<\/li><li><strong>Progettazione e realizzazione di sistemi di videosorveglianza: <\/strong>la Maxfon ha maturato il know-how tecnico e progettuale per la realizzazione di sistemi di controllo ed in particolare di videosorveglianza per il monitoraggio ambientale, del territorio ai fini della sicurezza e della salvaguardia di beni e risorse pubbliche e private.<\/li><li><strong>Progettazione, analisi e sviluppo di software specifici: <\/strong>la Maxfon Campania ha un team di sviluppatori interno che svolge la progettazione analisi e sviluppo di applicativi software su specifiche cliente ed in\u00a0 maniera mirata. In particolare gli applicativi implementati riguardano un ampio spettro di applicazioni e dispositivi di fruizione:<strong>\u00a0<\/strong><ol><li>Realizzazione di sistemi CRM e gestionali;<\/li><li>Realizzazione di portali istituzionali di informazione;<\/li><li>Realizzazione di applicazioni per dispositivi mobili (PDA, etc) stand alone e con connessione su piattaforma centralizzata;<\/li><li>Realizzazione di software per dispositivi embedded;<\/li><li>Realizzazione di piattaforme di autenticazione per utenti networking;<\/li><li>Realizzazione di prototipi per progetti di ricerca in vari settori.<\/li><\/ol><\/li><\/ul>","_et_gb_content_width":"","footnotes":""},"class_list":["post-73","page","type-page","status-publish","hentry"],"_links":{"self":[{"href":"https:\/\/maxfon.it\/index.php?rest_route=\/wp\/v2\/pages\/73","targetHints":{"allow":["GET"]}}],"collection":[{"href":"https:\/\/maxfon.it\/index.php?rest_route=\/wp\/v2\/pages"}],"about":[{"href":"https:\/\/maxfon.it\/index.php?rest_route=\/wp\/v2\/types\/page"}],"author":[{"embeddable":true,"href":"https:\/\/maxfon.it\/index.php?rest_route=\/wp\/v2\/users\/1"}],"replies":[{"embeddable":true,"href":"https:\/\/maxfon.it\/index.php?rest_route=%2Fwp%2Fv2%2Fcomments&post=73"}],"version-history":[{"count":4,"href":"https:\/\/maxfon.it\/index.php?rest_route=\/wp\/v2\/pages\/73\/revisions"}],"predecessor-version":[{"id":630,"href":"https:\/\/maxfon.it\/index.php?rest_route=\/wp\/v2\/pages\/73\/revisions\/630"}],"wp:attachment":[{"href":"https:\/\/maxfon.it\/index.php?rest_route=%2Fwp%2Fv2%2Fmedia&parent=73"}],"curies":[{"name":"wp","href":"https:\/\/api.w.org\/{rel}","templated":true}]}}