{"id":745,"date":"2026-04-01T12:30:48","date_gmt":"2026-04-01T10:30:48","guid":{"rendered":"http:\/\/dev-maxfon.it\/?page_id=745"},"modified":"2026-04-03T13:21:22","modified_gmt":"2026-04-03T11:21:22","slug":"home","status":"publish","type":"page","link":"https:\/\/maxfon.it\/","title":{"rendered":"Home"},"content":{"rendered":"<p>[et_pb_section fb_built=&#8221;1&#8243; fullwidth=&#8221;on&#8221; _builder_version=&#8221;4.27.6&#8243; _module_preset=&#8221;default&#8221; global_colors_info=&#8221;{}&#8221;][et_pb_fullwidth_slider _builder_version=&#8221;4.27.6&#8243; _module_preset=&#8221;default&#8221; hover_enabled=&#8221;0&#8243; global_colors_info=&#8221;{}&#8221; custom_css_slide_image=&#8221;height: 450px !important; &#8221; sticky_enabled=&#8221;0&#8243;][et_pb_slide _builder_version=&#8221;4.27.6&#8243; _module_preset=&#8221;default&#8221; background_image=&#8221;http:\/\/maxfon.it\/wp-content\/uploads\/2026\/03\/people-in-a-technology-cyber-space-meeting-2026-01-07-23-43-22-utc-1.jpg&#8221; background_enable_image=&#8221;on&#8221; width=&#8221;100%&#8221; max_width=&#8221;100%&#8221; hover_enabled=&#8221;0&#8243; global_colors_info=&#8221;{}&#8221; sticky_transition=&#8221;on&#8221; sticky_enabled=&#8221;0&#8243;][\/et_pb_slide][et_pb_slide _builder_version=&#8221;4.27.6&#8243; _module_preset=&#8221;default&#8221; background_image=&#8221;http:\/\/maxfon.it\/wp-content\/uploads\/2026\/04\/hand-holding-creative-glowing-polygonal-globe-hud-2026-01-11-08-48-16-utc-1.jpg&#8221; background_enable_image=&#8221;on&#8221; global_colors_info=&#8221;{}&#8221; sticky_transition=&#8221;on&#8221;][\/et_pb_slide][et_pb_slide _builder_version=&#8221;4.27.6&#8243; _module_preset=&#8221;default&#8221; background_image=&#8221;http:\/\/maxfon.it\/wp-content\/uploads\/2026\/04\/close-up-of-hand-using-laptop-with-glowing-polygon-2026-03-26-05-12-41-utc-1.jpg&#8221; background_enable_image=&#8221;on&#8221; global_colors_info=&#8221;{}&#8221; sticky_transition=&#8221;on&#8221;][\/et_pb_slide][\/et_pb_fullwidth_slider][\/et_pb_section][et_pb_section fb_built=&#8221;1&#8243; _builder_version=&#8221;4.27.6&#8243; _module_preset=&#8221;default&#8221; global_colors_info=&#8221;{}&#8221;][et_pb_row column_structure=&#8221;1_2,1_2&#8243; _builder_version=&#8221;4.27.6&#8243; _module_preset=&#8221;default&#8221; global_colors_info=&#8221;{}&#8221;][et_pb_column type=&#8221;1_2&#8243; _builder_version=&#8221;4.27.6&#8243; _module_preset=&#8221;default&#8221; global_colors_info=&#8221;{}&#8221;][et_pb_text _builder_version=&#8221;4.27.6&#8243; _module_preset=&#8221;default&#8221; text_font=&#8221;Montserrat||||||||&#8221; text_font_size=&#8221;15px&#8221; header_2_font=&#8221;Montserrat|||on|||||&#8221; header_2_text_color=&#8221;#f41b7a&#8221; background_size=&#8221;initial&#8221; background_position=&#8221;top_left&#8221; background_repeat=&#8221;repeat&#8221; global_colors_info=&#8221;{}&#8221;]<\/p>\n<h2 class=\"titles\">Offerta Internet<\/h2>\n<p><span>Naviga in maniera professionale anche in assenza di linea Telecom Italia \u00a0 WADSL: cos\u2019\u00e8? WADSL \u00e8 l\u2019offerta di Maxfon per l\u2019accesso ad alta velocit\u00e0 alla rete Internet tramite tecnologia wireless (senza fili) dedicata alle utenze private e aziende&#8230;.<\/span><\/p>\n<p>[\/et_pb_text][et_pb_button button_url=&#8221;http:\/\/maxfon.it\/?page_id=658&#8243; button_text=&#8221;Leggi&#8221; _builder_version=&#8221;4.27.6&#8243; _module_preset=&#8221;default&#8221; custom_button=&#8221;on&#8221; button_text_size=&#8221;19px&#8221; button_text_color=&#8221;#ffffff&#8221; button_bg_color=&#8221;#f41b7a&#8221; button_font=&#8221;Montserrat|||on|||||&#8221; global_colors_info=&#8221;{}&#8221; button_bg_color__hover_enabled=&#8221;on|hover&#8221; button_bg_color__hover=&#8221;#FFFFFF&#8221; button_bg_enable_color__hover=&#8221;on&#8221; button_text_color__hover_enabled=&#8221;on|hover&#8221; button_text_color__hover=&#8221;#f41b7a&#8221;][\/et_pb_button][\/et_pb_column][et_pb_column type=&#8221;1_2&#8243; _builder_version=&#8221;4.27.6&#8243; _module_preset=&#8221;default&#8221; global_colors_info=&#8221;{}&#8221;][et_pb_text _builder_version=&#8221;4.27.6&#8243; _module_preset=&#8221;default&#8221; text_font=&#8221;Montserrat||||||||&#8221; text_font_size=&#8221;15px&#8221; header_2_font=&#8221;Montserrat|||on|||||&#8221; header_2_text_color=&#8221;#f41b7a&#8221; background_size=&#8221;initial&#8221; background_position=&#8221;top_left&#8221; background_repeat=&#8221;repeat&#8221; global_colors_info=&#8221;{}&#8221;]<\/p>\n<h2 class=\"titles\">Offerta voip<\/h2>\n<p><span>Risparmia dal 35% al 70% ! \u00a0 VoIP: cos\u2019\u00e8? VoIP, ovvero, Voice Over IP, indica una tecnologia dove la voce non utilizza pi\u00f9 il classico cavo telefonico come mezzo di trasporto, ma utilizza la tecnologia IP, cio\u00e8 viaggia sotto forma&#8230;.<\/span><\/p>\n<p>[\/et_pb_text][et_pb_button button_url=&#8221;http:\/\/maxfon.it\/?page_id=675&#8243; button_text=&#8221;Leggi&#8221; _builder_version=&#8221;4.27.6&#8243; _module_preset=&#8221;default&#8221; custom_button=&#8221;on&#8221; button_text_size=&#8221;19px&#8221; button_text_color=&#8221;#ffffff&#8221; button_bg_color=&#8221;#f41b7a&#8221; button_font=&#8221;Montserrat|||on|||||&#8221; global_colors_info=&#8221;{}&#8221; button_bg_color__hover_enabled=&#8221;on|hover&#8221; button_bg_color__hover=&#8221;#FFFFFF&#8221; button_bg_enable_color__hover=&#8221;on&#8221; button_text_color__hover_enabled=&#8221;on|hover&#8221; button_text_color__hover=&#8221;#f41b7a&#8221;][\/et_pb_button][\/et_pb_column][\/et_pb_row][et_pb_row column_structure=&#8221;1_2,1_2&#8243; _builder_version=&#8221;4.27.6&#8243; _module_preset=&#8221;default&#8221; global_colors_info=&#8221;{}&#8221;][et_pb_column type=&#8221;1_2&#8243; _builder_version=&#8221;4.27.6&#8243; _module_preset=&#8221;default&#8221; global_colors_info=&#8221;{}&#8221;][et_pb_text _builder_version=&#8221;4.27.6&#8243; _module_preset=&#8221;default&#8221; text_font=&#8221;Montserrat||||||||&#8221; text_font_size=&#8221;15px&#8221; header_2_font=&#8221;Montserrat|||on|||||&#8221; header_2_text_color=&#8221;#f41b7a&#8221; background_size=&#8221;initial&#8221; background_position=&#8221;top_left&#8221; background_repeat=&#8221;repeat&#8221; global_colors_info=&#8221;{}&#8221;]<\/p>\n<h2 class=\"titles\">Server farm<\/h2>\n<p><span>Maxfon dispone di una moderna server farm in grado di offrire diverse soluzioni di hosting ed housing in massima sicurezza ed affidabilit\u00e0&#8230;.<\/span><\/p>\n<p>[\/et_pb_text][et_pb_button button_url=&#8221;@ET-DC@eyJkeW5hbWljIjp0cnVlLCJjb250ZW50IjoicG9zdF9saW5rX3VybF9wYWdlIiwic2V0dGluZ3MiOnsicG9zdF9pZCI6IjczMyJ9fQ==@&#8221; button_text=&#8221;Leggi&#8221; _builder_version=&#8221;4.27.6&#8243; _dynamic_attributes=&#8221;button_url&#8221; _module_preset=&#8221;default&#8221; custom_button=&#8221;on&#8221; button_text_size=&#8221;19px&#8221; button_text_color=&#8221;#ffffff&#8221; button_bg_color=&#8221;#f41b7a&#8221; button_font=&#8221;Montserrat|||on|||||&#8221; global_colors_info=&#8221;{}&#8221; button_bg_color__hover_enabled=&#8221;on|hover&#8221; button_bg_color__hover=&#8221;#FFFFFF&#8221; button_bg_enable_color__hover=&#8221;on&#8221; button_text_color__hover_enabled=&#8221;on|hover&#8221; button_text_color__hover=&#8221;#f41b7a&#8221;][\/et_pb_button][\/et_pb_column][et_pb_column type=&#8221;1_2&#8243; _builder_version=&#8221;4.27.6&#8243; _module_preset=&#8221;default&#8221; global_colors_info=&#8221;{}&#8221;][et_pb_text _builder_version=&#8221;4.27.6&#8243; _module_preset=&#8221;default&#8221; text_font=&#8221;Montserrat||||||||&#8221; text_font_size=&#8221;15px&#8221; header_2_font=&#8221;Montserrat|||on|||||&#8221; header_2_text_color=&#8221;#f41b7a&#8221; background_size=&#8221;initial&#8221; background_position=&#8221;top_left&#8221; background_repeat=&#8221;repeat&#8221; global_colors_info=&#8221;{}&#8221;]<\/p>\n<h2 class=\"titles\">Reti di Telecomunicazioni<\/h2>\n<p><span>Progettazione e realizzazione di reti di trasmissione dati proprietarie che hanno come target grossi soggetti quali amministrazioni pubbliche, grandi aziende &#8230;.<\/span><\/p>\n<p>[\/et_pb_text][et_pb_button button_url=&#8221;@ET-DC@eyJkeW5hbWljIjp0cnVlLCJjb250ZW50IjoicG9zdF9saW5rX3VybF9wYWdlIiwic2V0dGluZ3MiOnsicG9zdF9pZCI6IjcyMSJ9fQ==@&#8221; button_text=&#8221;Leggi&#8221; _builder_version=&#8221;4.27.6&#8243; _dynamic_attributes=&#8221;button_url&#8221; _module_preset=&#8221;default&#8221; custom_button=&#8221;on&#8221; button_text_size=&#8221;19px&#8221; button_text_color=&#8221;#ffffff&#8221; button_bg_color=&#8221;#f41b7a&#8221; button_font=&#8221;Montserrat|||on|||||&#8221; global_colors_info=&#8221;{}&#8221; button_bg_color__hover_enabled=&#8221;on|hover&#8221; button_bg_color__hover=&#8221;#FFFFFF&#8221; button_bg_enable_color__hover=&#8221;on&#8221; button_text_color__hover_enabled=&#8221;on|hover&#8221; button_text_color__hover=&#8221;#f41b7a&#8221;][\/et_pb_button][\/et_pb_column][\/et_pb_row][et_pb_row column_structure=&#8221;1_2,1_2&#8243; _builder_version=&#8221;4.27.6&#8243; _module_preset=&#8221;default&#8221; global_colors_info=&#8221;{}&#8221;][et_pb_column type=&#8221;1_2&#8243; _builder_version=&#8221;4.27.6&#8243; _module_preset=&#8221;default&#8221; global_colors_info=&#8221;{}&#8221;][et_pb_text _builder_version=&#8221;4.27.6&#8243; _module_preset=&#8221;default&#8221; text_font=&#8221;Montserrat||||||||&#8221; text_font_size=&#8221;15px&#8221; header_2_font=&#8221;Montserrat|||on|||||&#8221; header_2_text_color=&#8221;#f41b7a&#8221; background_size=&#8221;initial&#8221; background_position=&#8221;top_left&#8221; background_repeat=&#8221;repeat&#8221; global_colors_info=&#8221;{}&#8221;]<\/p>\n<h2 class=\"titles\">Sicurezza e Videosorveglianza<\/h2>\n<p><span>Progettazione e realizzazione di sistemi di videosorveglianza: la Maxfon ha maturato il know-how tecnico e progettuale per la realizzazione di sistemi di controllo &#8230;<\/span><\/p>\n<p>[\/et_pb_text][et_pb_button button_url=&#8221;@ET-DC@eyJkeW5hbWljIjp0cnVlLCJjb250ZW50IjoicG9zdF9saW5rX3VybF9wYWdlIiwic2V0dGluZ3MiOnsicG9zdF9pZCI6IjczOCJ9fQ==@&#8221; button_text=&#8221;Leggi&#8221; _builder_version=&#8221;4.27.6&#8243; _dynamic_attributes=&#8221;button_url&#8221; _module_preset=&#8221;default&#8221; custom_button=&#8221;on&#8221; button_text_size=&#8221;19px&#8221; button_text_color=&#8221;#ffffff&#8221; button_bg_color=&#8221;#f41b7a&#8221; button_font=&#8221;Montserrat|||on|||||&#8221; global_colors_info=&#8221;{}&#8221; button_bg_color__hover_enabled=&#8221;on|hover&#8221; button_bg_color__hover=&#8221;#FFFFFF&#8221; button_bg_enable_color__hover=&#8221;on&#8221; button_text_color__hover_enabled=&#8221;on|hover&#8221; button_text_color__hover=&#8221;#f41b7a&#8221;][\/et_pb_button][\/et_pb_column][et_pb_column type=&#8221;1_2&#8243; _builder_version=&#8221;4.27.6&#8243; _module_preset=&#8221;default&#8221; global_colors_info=&#8221;{}&#8221;][et_pb_text _builder_version=&#8221;4.27.6&#8243; _module_preset=&#8221;default&#8221; text_font=&#8221;Montserrat||||||||&#8221; text_font_size=&#8221;15px&#8221; header_2_font=&#8221;Montserrat|||on|||||&#8221; header_2_text_color=&#8221;#f41b7a&#8221; background_size=&#8221;initial&#8221; background_position=&#8221;top_left&#8221; background_repeat=&#8221;repeat&#8221; global_colors_info=&#8221;{}&#8221;]<\/p>\n<h2 class=\"titles\">Impianti Telefonici VoIP<\/h2>\n<p><span>Progettazione e realizzazione di sistemi di telefonia VoIP: partendo da una conoscenza diretta di tutte le tecnologie e le modificazioni che il VoIP ha apportato all\u2019interno del panorama della telefonia tradizionale&#8230;<\/span><\/p>\n<p>[\/et_pb_text][et_pb_button button_url=&#8221;@ET-DC@eyJkeW5hbWljIjp0cnVlLCJjb250ZW50IjoicG9zdF9saW5rX3VybF9wYWdlIiwic2V0dGluZ3MiOnsicG9zdF9pZCI6IjcyNyJ9fQ==@&#8221; button_text=&#8221;Leggi&#8221; _builder_version=&#8221;4.27.6&#8243; _dynamic_attributes=&#8221;button_url&#8221; _module_preset=&#8221;default&#8221; custom_button=&#8221;on&#8221; button_text_size=&#8221;19px&#8221; button_text_color=&#8221;#ffffff&#8221; button_bg_color=&#8221;#f41b7a&#8221; button_font=&#8221;Montserrat|||on|||||&#8221; global_colors_info=&#8221;{}&#8221; button_bg_color__hover_enabled=&#8221;on|hover&#8221; button_bg_color__hover=&#8221;#FFFFFF&#8221; button_bg_enable_color__hover=&#8221;on&#8221; button_text_color__hover_enabled=&#8221;on|hover&#8221; button_text_color__hover=&#8221;#f41b7a&#8221;][\/et_pb_button][\/et_pb_column][\/et_pb_row][\/et_pb_section]<\/p>\n","protected":false},"excerpt":{"rendered":"<p>Offerta Internet Naviga in maniera professionale anche in assenza di linea Telecom Italia \u00a0 WADSL: cos\u2019\u00e8? WADSL \u00e8 l\u2019offerta di Maxfon per l\u2019accesso ad alta velocit\u00e0 alla rete Internet tramite tecnologia wireless (senza fili) dedicata alle utenze private e aziende&#8230;.Offerta voip Risparmia dal 35% al 70% ! \u00a0 VoIP: cos\u2019\u00e8? VoIP, ovvero, Voice Over IP, [&hellip;]<\/p>\n","protected":false},"author":1,"featured_media":0,"parent":0,"menu_order":0,"comment_status":"closed","ping_status":"closed","template":"","meta":{"_et_pb_use_builder":"on","_et_pb_old_content":"","_et_gb_content_width":"","footnotes":""},"class_list":["post-745","page","type-page","status-publish","hentry"],"_links":{"self":[{"href":"https:\/\/maxfon.it\/index.php?rest_route=\/wp\/v2\/pages\/745","targetHints":{"allow":["GET"]}}],"collection":[{"href":"https:\/\/maxfon.it\/index.php?rest_route=\/wp\/v2\/pages"}],"about":[{"href":"https:\/\/maxfon.it\/index.php?rest_route=\/wp\/v2\/types\/page"}],"author":[{"embeddable":true,"href":"https:\/\/maxfon.it\/index.php?rest_route=\/wp\/v2\/users\/1"}],"replies":[{"embeddable":true,"href":"https:\/\/maxfon.it\/index.php?rest_route=%2Fwp%2Fv2%2Fcomments&post=745"}],"version-history":[{"count":6,"href":"https:\/\/maxfon.it\/index.php?rest_route=\/wp\/v2\/pages\/745\/revisions"}],"predecessor-version":[{"id":781,"href":"https:\/\/maxfon.it\/index.php?rest_route=\/wp\/v2\/pages\/745\/revisions\/781"}],"wp:attachment":[{"href":"https:\/\/maxfon.it\/index.php?rest_route=%2Fwp%2Fv2%2Fmedia&parent=745"}],"curies":[{"name":"wp","href":"https:\/\/api.w.org\/{rel}","templated":true}]}}